{"id":7,"date":"2019-10-09T17:03:08","date_gmt":"2019-10-09T17:03:08","guid":{"rendered":"https:\/\/www.ekoesko.fi\/?page_id=7"},"modified":"2020-05-15T15:04:34","modified_gmt":"2020-05-15T15:04:34","slug":"toiminimi-ekoesko","status":"publish","type":"page","link":"https:\/\/www.ekoesko.fi\/","title":{"rendered":"ekoesko"},"content":{"rendered":"\n<p>on&nbsp;<a href=\"googlemaps.html\">Salon Kuusjoella<\/a>&nbsp;toimiva perinnemaalitehdas. Tehtaan p\u00e4\u00e4tuote on perinteiset<strong>&nbsp;punamultamaalit eli&nbsp;<a href=\"http:\/\/fi.wikipedia.org\/wiki\/Keittomaali\">keittomaalit<\/a><\/strong>. Erikoisk\u00e4sittelyll\u00e4 maalista saadaan tarvittaessa my\u00f6s ruiskumaalattava. Muita tuotteita ovat punamultamaaliruisku, \u00f6ljypuristin sek\u00e4 pellava\u00f6ljymaalit.<\/p>\n\n\n\n<p>Maaleissamme yhdistyv\u00e4t perinnemaalien monisatavuotinen kokemus, ekologisuus sek\u00e4 tehdasmaisen tuotannon tuoma tasaisen korkea laatu.<\/p>\n\n\n\n<p>Maaleillamme on maalattu my\u00f6s julkisia perinnemaalia vaativia kohteita kuten kirkkoja.<\/p>\n\n\n\n<figure class=\"wp-block-image\"><img loading=\"lazy\" decoding=\"async\" width=\"800\" height=\"600\" src=\"https:\/\/www.ekoesko.fi\/wp-content\/uploads\/2019\/10\/kirkko1.jpg\" alt=\"\" class=\"wp-image-53\" srcset=\"https:\/\/www.ekoesko.fi\/wp-content\/uploads\/2019\/10\/kirkko1.jpg 800w, https:\/\/www.ekoesko.fi\/wp-content\/uploads\/2019\/10\/kirkko1-300x225.jpg 300w, https:\/\/www.ekoesko.fi\/wp-content\/uploads\/2019\/10\/kirkko1-768x576.jpg 768w\" sizes=\"auto, (max-width: 800px) 100vw, 800px\" \/><\/figure>\n","protected":false},"excerpt":{"rendered":"<p>on&nbsp;Salon Kuusjoella&nbsp;toimiva perinnemaalitehdas. Tehtaan p\u00e4\u00e4tuote on perinteiset&nbsp;punamultamaalit eli&nbsp;keittomaalit. Erikoisk\u00e4sittelyll\u00e4 maalista saadaan tarvittaessa my\u00f6s ruiskumaalattava. Muita tuotteita ovat punamultamaaliruisku, \u00f6ljypuristin sek\u00e4 pellava\u00f6ljymaalit. Maaleissamme yhdistyv\u00e4t perinnemaalien monisatavuotinen kokemus, ekologisuus sek\u00e4 tehdasmaisen tuotannon tuoma tasaisen korkea laatu. Maaleillamme on maalattu my\u00f6s julkisia perinnemaalia vaativia kohteita kuten kirkkoja.<\/p>\n","protected":false},"author":1,"featured_media":0,"parent":0,"menu_order":0,"comment_status":"closed","ping_status":"closed","template":"","meta":{"footnotes":""},"class_list":["post-7","page","type-page","status-publish","hentry"],"_links":{"self":[{"href":"https:\/\/www.ekoesko.fi\/index.php?rest_route=\/wp\/v2\/pages\/7","targetHints":{"allow":["GET"]}}],"collection":[{"href":"https:\/\/www.ekoesko.fi\/index.php?rest_route=\/wp\/v2\/pages"}],"about":[{"href":"https:\/\/www.ekoesko.fi\/index.php?rest_route=\/wp\/v2\/types\/page"}],"author":[{"embeddable":true,"href":"https:\/\/www.ekoesko.fi\/index.php?rest_route=\/wp\/v2\/users\/1"}],"replies":[{"embeddable":true,"href":"https:\/\/www.ekoesko.fi\/index.php?rest_route=%2Fwp%2Fv2%2Fcomments&post=7"}],"version-history":[{"count":4,"href":"https:\/\/www.ekoesko.fi\/index.php?rest_route=\/wp\/v2\/pages\/7\/revisions"}],"predecessor-version":[{"id":100,"href":"https:\/\/www.ekoesko.fi\/index.php?rest_route=\/wp\/v2\/pages\/7\/revisions\/100"}],"wp:attachment":[{"href":"https:\/\/www.ekoesko.fi\/index.php?rest_route=%2Fwp%2Fv2%2Fmedia&parent=7"}],"curies":[{"name":"wp","href":"https:\/\/api.w.org\/{rel}","templated":true}]}}